{"id":3133,"date":"2022-03-08T11:07:41","date_gmt":"2022-03-08T09:07:41","guid":{"rendered":"https:\/\/www.hotelsantalucia.it\/?page_id=3133"},"modified":"2022-03-08T11:17:00","modified_gmt":"2022-03-08T09:17:00","slug":"hotel-costiera-amalfitana","status":"publish","type":"page","link":"https:\/\/www.hotelsantalucia.it\/en\/hotel-costiera-amalfitana.html","title":{"rendered":"Amalfi Coast Hotels"},"content":{"rendered":"<div data-elementor-type=\"wp-page\" data-elementor-id=\"3133\" class=\"elementor elementor-3133\" data-elementor-post-type=\"page\">\n\t\t\t\t\t\t<section class=\"elementor-section elementor-top-section elementor-element elementor-element-11a52de elementor-section-full_width elementor-section-height-default elementor-section-height-default\" data-id=\"11a52de\" data-element_type=\"section\" data-e-type=\"section\">\n\t\t\t\t\t\t<div class=\"elementor-container elementor-column-gap-default\">\n\t\t\t\t\t<div class=\"elementor-column elementor-col-100 elementor-top-column elementor-element elementor-element-20a2871\" data-id=\"20a2871\" data-element_type=\"column\" data-e-type=\"column\">\n\t\t\t<div class=\"elementor-widget-wrap elementor-element-populated\">\n\t\t\t\t\t\t<div class=\"elementor-element elementor-element-e05e26c elementor--h-position-center elementor--v-position-middle elementor-arrows-position-inside elementor-pagination-position-inside elementor-widget elementor-widget-slides\" data-id=\"e05e26c\" data-element_type=\"widget\" data-e-type=\"widget\" data-settings=\"{&quot;navigation&quot;:&quot;both&quot;,&quot;autoplay&quot;:&quot;yes&quot;,&quot;pause_on_hover&quot;:&quot;yes&quot;,&quot;pause_on_interaction&quot;:&quot;yes&quot;,&quot;autoplay_speed&quot;:5000,&quot;infinite&quot;:&quot;yes&quot;,&quot;transition&quot;:&quot;slide&quot;,&quot;transition_speed&quot;:500}\" data-widget_type=\"slides.default\">\n\t\t\t\t<div class=\"elementor-widget-container\">\n\t\t\t\t\t\t\t\t\t<div class=\"elementor-swiper\">\n\t\t\t\t\t<div class=\"elementor-slides-wrapper elementor-main-swiper swiper\" role=\"region\" aria-roledescription=\"carousel\" aria-label=\"Slides\" dir=\"ltr\" data-animation=\"fadeInUp\" data-no-translation-aria-label=\"\">\n\t\t\t\t<div class=\"swiper-wrapper elementor-slides\">\n\t\t\t\t\t\t\t\t\t\t<div class=\"elementor-repeater-item-2d70ec0 swiper-slide\" role=\"group\" aria-roledescription=\"slide\"><div class=\"swiper-slide-bg elementor-ken-burns elementor-ken-burns--in\" role=\"img\" aria-label=\"doppia standard 7\"><\/div><div class=\"swiper-slide-inner\" ><div class=\"swiper-slide-contents\"><\/div><\/div><\/div><div class=\"elementor-repeater-item-cfd6706 swiper-slide\" role=\"group\" aria-roledescription=\"slide\"><div class=\"swiper-slide-bg elementor-ken-burns elementor-ken-burns--in\" role=\"img\" aria-label=\"camera superior costiera amalfitana 7\"><\/div><div class=\"swiper-slide-inner\" ><div class=\"swiper-slide-contents\"><\/div><\/div><\/div><div class=\"elementor-repeater-item-7ffa806 swiper-slide\" role=\"group\" aria-roledescription=\"slide\"><div class=\"swiper-slide-bg elementor-ken-burns elementor-ken-burns--in\" role=\"img\" aria-label=\"hotel minori-web\"><\/div><div class=\"swiper-slide-inner\" ><div class=\"swiper-slide-contents\"><\/div><\/div><\/div><div class=\"elementor-repeater-item-4699780 swiper-slide\" role=\"group\" aria-roledescription=\"slide\"><div class=\"swiper-slide-bg elementor-ken-burns elementor-ken-burns--in\" role=\"img\" aria-label=\"hotel minori santa lucia 4-web\"><\/div><div class=\"swiper-slide-inner\" ><div class=\"swiper-slide-contents\"><\/div><\/div><\/div>\t\t\t\t<\/div>\n\t\t\t\t\t\t\t\t\t\t\t\t\t\t\t<div class=\"elementor-swiper-button elementor-swiper-button-prev\" role=\"button\" tabindex=\"0\" aria-label=\"Previous slide\" data-no-translation-aria-label=\"\">\n\t\t\t\t\t\t\t<i aria-hidden=\"true\" class=\"eicon-chevron-left\"><\/i>\t\t\t\t\t\t<\/div>\n\t\t\t\t\t\t<div class=\"elementor-swiper-button elementor-swiper-button-next\" role=\"button\" tabindex=\"0\" aria-label=\"Next slide\" data-no-translation-aria-label=\"\">\n\t\t\t\t\t\t\t<i aria-hidden=\"true\" class=\"eicon-chevron-right\"><\/i>\t\t\t\t\t\t<\/div>\n\t\t\t\t\t\t\t\t\t\t\t\t\t\t\t\t<div class=\"swiper-pagination\"><\/div>\n\t\t\t\t\t\t\t\t\t\t\t\t<\/div>\n\t\t\t\t<\/div>\n\t\t\t\t\t\t\t\t<\/div>\n\t\t\t\t<\/div>\n\t\t\t\t\t<\/div>\n\t\t<\/div>\n\t\t\t\t\t<\/div>\n\t\t<\/section>\n\t\t\t\t<section class=\"elementor-section elementor-top-section elementor-element elementor-element-9db8f6f elementor-section-full_width elementor-section-height-min-height elementor-section-items-stretch elementor-section-content-bottom elementor-section-height-default elementor-invisible\" data-id=\"9db8f6f\" data-element_type=\"section\" data-e-type=\"section\" data-settings=\"{&quot;background_background&quot;:&quot;classic&quot;,&quot;animation&quot;:&quot;fadeInLeft&quot;}\">\n\t\t\t\t\t\t<div class=\"elementor-container elementor-column-gap-no\">\n\t\t\t\t\t<div class=\"elementor-column elementor-col-50 elementor-top-column elementor-element elementor-element-b4338a3 elementor-hidden-phone\" data-id=\"b4338a3\" data-element_type=\"column\" data-e-type=\"column\" data-settings=\"{&quot;background_background&quot;:&quot;classic&quot;}\">\n\t\t\t<div class=\"elementor-widget-wrap elementor-element-populated\">\n\t\t\t\t\t\t<div class=\"elementor-element elementor-element-918a349 elementor-widget-mobile__width-initial animated-slow elementor-widget-tablet__width-initial elementor-invisible elementor-widget elementor-widget-spacer\" data-id=\"918a349\" data-element_type=\"widget\" data-e-type=\"widget\" data-settings=\"{&quot;_animation&quot;:&quot;fadeInRight&quot;}\" data-widget_type=\"spacer.default\">\n\t\t\t\t<div class=\"elementor-widget-container\">\n\t\t\t\t\t\t\t<div class=\"elementor-spacer\">\n\t\t\t<div class=\"elementor-spacer-inner\"><\/div>\n\t\t<\/div>\n\t\t\t\t\t\t<\/div>\n\t\t\t\t<\/div>\n\t\t\t\t\t<\/div>\n\t\t<\/div>\n\t\t\t\t<div class=\"elementor-column elementor-col-25 elementor-top-column elementor-element elementor-element-63672f5\" data-id=\"63672f5\" data-element_type=\"column\" data-e-type=\"column\">\n\t\t\t<div class=\"elementor-widget-wrap\">\n\t\t\t\t\t\t\t<\/div>\n\t\t<\/div>\n\t\t\t\t<div class=\"elementor-column elementor-col-25 elementor-top-column elementor-element elementor-element-9ebadcb\" data-id=\"9ebadcb\" data-element_type=\"column\" data-e-type=\"column\" data-settings=\"{&quot;background_background&quot;:&quot;classic&quot;,&quot;animation&quot;:&quot;none&quot;}\">\n\t\t\t<div class=\"elementor-widget-wrap elementor-element-populated\">\n\t\t\t\t\t<div class=\"elementor-background-overlay\"><\/div>\n\t\t\t\t\t\t<div class=\"elementor-element elementor-element-cf55e30 elementor-widget elementor-widget-heading\" data-id=\"cf55e30\" data-element_type=\"widget\" data-e-type=\"widget\" data-widget_type=\"heading.default\">\n\t\t\t\t<div class=\"elementor-widget-container\">\n\t\t\t\t\t<div class=\"elementor-heading-title elementor-size-default\">Amalfi Coast Hotels<\/div>\t\t\t\t<\/div>\n\t\t\t\t<\/div>\n\t\t\t\t\t<\/div>\n\t\t<\/div>\n\t\t\t\t\t<\/div>\n\t\t<\/section>\n\t\t\t\t<section class=\"elementor-section elementor-top-section elementor-element elementor-element-952d7c9 elementor-section-boxed elementor-section-height-default elementor-section-height-default\" data-id=\"952d7c9\" data-element_type=\"section\" data-e-type=\"section\">\n\t\t\t\t\t\t<div class=\"elementor-container elementor-column-gap-default\">\n\t\t\t\t\t<div class=\"elementor-column elementor-col-100 elementor-top-column elementor-element elementor-element-2835111\" data-id=\"2835111\" data-element_type=\"column\" data-e-type=\"column\">\n\t\t\t<div class=\"elementor-widget-wrap elementor-element-populated\">\n\t\t\t\t\t\t<div class=\"elementor-element elementor-element-80bbed6 elementor-invisible elementor-widget elementor-widget-text-editor\" data-id=\"80bbed6\" data-element_type=\"widget\" data-e-type=\"widget\" data-settings=\"{&quot;_animation&quot;:&quot;fadeInLeft&quot;,&quot;_animation_delay&quot;:100}\" data-widget_type=\"text-editor.default\">\n\t\t\t\t<div class=\"elementor-widget-container\">\n\t\t\t\t\t\t\t\t\t<p><br \/><br \/>Are you looking for a hotel on the Amalfi Coast? A hotel that meets your needs? And maybe it&#039;s on the sea?<br \/><br \/>The Hotel Santa Lucia is for you, it is located in one of the historic towns of the coast, it has excellent service and a variety of rooms and suites that you can choose from. It is a 4-star hotel with a fine cuisine restaurant, it is possible to go hiking and trekking.<br \/>Amalfi coast hotels<br \/><br \/>Amalfi coast hotels<br \/><br \/>We are located in Minori, it is the oldest inhabited center of the entire Costa, a tourist town where you can discover the ancient Roman villa. The name comes from &quot;Rheginna Minor&quot;, the archaic denomination of the area, and borders on Maiori, another area to be discovered and Amalfi, the most famous tourist and historical destination. There are also many offers that you can take advantage of, we have listed them for you below ...<br \/>Amalfi Coast hotel offers<br \/><br \/>As we mentioned in the previous paragraph, the offers of the Santa Lucia hotel are always many, they adhere to the different periods of the year and satisfy everyone. In fact, in any season there is a different package. Here you will find various occasions such as the &quot;autumn package&quot;, &quot;spring package&quot;, &quot;3 \u00d7 2 offer&quot;, &quot;May 1st bridge package&quot;, &quot;summer package&quot;, &quot;love escape&quot; or &quot;sweet anniversary&quot;.<br \/><br \/>What do you think? take a look, you will realize it by yourself. In addition, for a stay as a couple, sparkling wine awaits you in your room and a candlelit dinner at the hotel&#039;s Garum restaurant and you can use the spa. These are just some of the excellent services reserved for our guests. A relaxing holiday is certainly what you will experience at the Santa Lucia hotel. Read on to find out specifically our last minute on the Amalfi coast.<br \/>Amalfi coast last minute<br \/><br \/>Did you see that bomb offers? And that&#039;s not all! For your summer vacation you will be greeted with a welcome cocktail upon your arrival, the price includes a buffet breakfast and a choice of three-course lunch or dinner.<br \/><br \/>The Santa Lucia hotel cares a lot about your romantic holidays, in fact it reserves you a sweet treat such as candlelit dinners, coffee &amp; tea maker in the room or the possibility of breakfast with room service. You can request a bouquet of flowers in your room or a cake for your anniversary.<br \/><br \/>Does this not satisfy you? Yes, you found a good hotel with super treatment but, the location? For a holiday on the Amalfi coast, proximity to the beach or to major destinations of interest is important. Well, know that our hotel has it all, let&#039;s see what this hotel on the Amalfi Coast offers.<br \/>Hotel by the sea Amalfi coast<br \/><br \/>So where did we stay? Are you looking for a property close to the sea? We have it.<br \/><br \/>If you have already peeked at our site you will realize how close we are to the sea. One thing that can be found in some coastal towns is the intact charm of a seaside village. Several villages have preserved these characteristics, some of these are Atrani, Cetara and Minori.<br \/><br \/>The Minorese beach is one of the few sandy ones, you will soon realize the peculiarity of the Amalfi beaches of having no sand but rocks. Minori offers, over its entire extension, bathing establishments with the main services. And if you want to spend a day on the beaches of other destinations, we point out the best ones, as beautiful as that of Minori and each with its own characteristics. Visit these beaches of the Amalfi Coast:<br \/><br \/>\u00a0\u00a0\u00a0 Erchie (Maiori)<br \/>\u00a0\u00a0\u00a0 Nerano<br \/>\u00a0\u00a0\u00a0 Positano<br \/>\u00a0\u00a0\u00a0 Praiano<br \/>\u00a0\u00a0\u00a0 Cetara<br \/><br \/>Now we will explain specifically the services and advantages of staying in one of the best 4-star hotels on the Amalfi Coast.<br \/>Santa Lucia Hotel Amalfi Coast 4 stars<br \/><br \/>But let&#039;s get to the management of this hotel, specialized in hospitality and professionalism that has been showing its guests with care for 50 years. It is a family business, baptized by the Sammarco family and which continues every year with zeal and a spirit of innovation to guarantee impeccable service.<br \/><br \/>4-star Amalfi Coast Hotel: what are the services you will find upon your arrival? The Santa Lucia hotel offers guarded parking so you can arrange your car safely. In addition, parking on the Amalfi Coast is a rarity, given the limited space and the traffic that gets congested at certain times. With the Santa Lucia hotel you will choose between three types of rooms: Superior, Deluxe and Minisuite and you will have the opportunity to make excursions along the coast or choose the itinerary that suits you, do not miss the opportunity to have a tasting of products typical at the Gambardella liqueur factory.<br \/><br \/>Finally, the whole area is covered by an efficient free Wi-Fi service and you can take advantage of the Roman Bath \/ Otium Spa, the best way to carve out a moment for yourself and give serenity to those around you too.<br \/>Half board hotel Amalfi coast<br \/><br \/>The hotel also offers half board for those who want to take gastronomic tours or discover the flavors of the coast in the best restaurants or simply want to save money. Our Garum restaurant offers refined cuisine that mixes elegance, good taste and quality. Your breakfast and lunch or dinner will delight you with typical, healthy and delicate dishes.<br \/><br \/>The rooms of the Santa Lucia hotel are comfortable, elegant and bright with a Mediterranean style. There are 25, the choice is vast and overlook the Roman Maritime Villa dating back to the 1st century AD in each room you will find the following services:<br \/><br \/>\u00a0\u00a0\u00a0 Free Wi-Fi<br \/>\u00a0\u00a0\u00a0 TV with satellite channels<br \/>\u00a0\u00a0\u00a0 mini-bar<br \/>\u00a0\u00a0\u00a0 safe<br \/><br \/>They are divided into Classic, with a balcony equipped with chairs and a table, Standard, with an excellent view, and Superior, with SKY TV, electric kettle for tea and coffee and Superior courtesy line. Do not miss the option designed for couples, Junior Suite and Deluxe Room, the Classic Family for families with children and teenagers, and the Classic for guests with disabilities.<br \/><br \/>All you have to do is book now, don&#039;t hesitate any longer! We look forward to seeing you at the Santa Lucia hotel on the Amalfi Coast. Contact us for a free quote or any other need you may have.<br \/><br \/>Thanks for your visit!<br \/><br \/><\/p>\t\t\t\t\t\t\t\t<\/div>\n\t\t\t\t<\/div>\n\t\t\t\t\t<\/div>\n\t\t<\/div>\n\t\t\t\t\t<\/div>\n\t\t<\/section>\n\t\t\t\t<\/div>","protected":false},"excerpt":{"rendered":"<p>Previous Next Sei alla ricerca di un hotel in Costiera amalfitana? Un hotel che soddisfi le tue esigenze? E magari che sia sul mare? L\u2019Hotel Santa Lucia fa al caso tuo, si trova in una delle localit\u00e0 storiche della Costiera, ha un servizio eccellente ed una variet\u00e0 di camere e suite che potrai scegliere. \u00c9 [&hellip;]<\/p>\n","protected":false},"author":1,"featured_media":0,"parent":0,"menu_order":0,"comment_status":"closed","ping_status":"closed","template":"elementor_header_footer","meta":{"_acf_changed":false,"two_page_speed":[],"footnotes":""},"categories":[],"tags":[],"class_list":["post-3133","page","type-page","status-publish","hentry"],"acf":[],"_links":{"self":[{"href":"https:\/\/www.hotelsantalucia.it\/en\/wp-json\/wp\/v2\/pages\/3133","targetHints":{"allow":["GET"]}}],"collection":[{"href":"https:\/\/www.hotelsantalucia.it\/en\/wp-json\/wp\/v2\/pages"}],"about":[{"href":"https:\/\/www.hotelsantalucia.it\/en\/wp-json\/wp\/v2\/types\/page"}],"author":[{"embeddable":true,"href":"https:\/\/www.hotelsantalucia.it\/en\/wp-json\/wp\/v2\/users\/1"}],"replies":[{"embeddable":true,"href":"https:\/\/www.hotelsantalucia.it\/en\/wp-json\/wp\/v2\/comments?post=3133"}],"version-history":[{"count":14,"href":"https:\/\/www.hotelsantalucia.it\/en\/wp-json\/wp\/v2\/pages\/3133\/revisions"}],"predecessor-version":[{"id":3148,"href":"https:\/\/www.hotelsantalucia.it\/en\/wp-json\/wp\/v2\/pages\/3133\/revisions\/3148"}],"wp:attachment":[{"href":"https:\/\/www.hotelsantalucia.it\/en\/wp-json\/wp\/v2\/media?parent=3133"}],"wp:term":[{"taxonomy":"category","embeddable":true,"href":"https:\/\/www.hotelsantalucia.it\/en\/wp-json\/wp\/v2\/categories?post=3133"},{"taxonomy":"post_tag","embeddable":true,"href":"https:\/\/www.hotelsantalucia.it\/en\/wp-json\/wp\/v2\/tags?post=3133"}],"curies":[{"name":"wp","href":"https:\/\/api.w.org\/{rel}","templated":true}]}}