{"id":3133,"date":"2022-03-08T11:07:41","date_gmt":"2022-03-08T09:07:41","guid":{"rendered":"https:\/\/www.hotelsantalucia.it\/?page_id=3133"},"modified":"2022-03-08T11:17:00","modified_gmt":"2022-03-08T09:17:00","slug":"hotel-costiera-amalfitana","status":"publish","type":"page","link":"https:\/\/www.hotelsantalucia.it\/de\/hotel-costiera-amalfitana.html","title":{"rendered":"Hotel Amalfik\u00fcste"},"content":{"rendered":"<div data-elementor-type=\"wp-page\" data-elementor-id=\"3133\" class=\"elementor elementor-3133\" data-elementor-post-type=\"page\">\n\t\t\t\t\t\t<section class=\"elementor-section elementor-top-section elementor-element elementor-element-11a52de elementor-section-full_width elementor-section-height-default elementor-section-height-default\" data-id=\"11a52de\" data-element_type=\"section\" data-e-type=\"section\">\n\t\t\t\t\t\t<div class=\"elementor-container elementor-column-gap-default\">\n\t\t\t\t\t<div class=\"elementor-column elementor-col-100 elementor-top-column elementor-element elementor-element-20a2871\" data-id=\"20a2871\" data-element_type=\"column\" data-e-type=\"column\">\n\t\t\t<div class=\"elementor-widget-wrap elementor-element-populated\">\n\t\t\t\t\t\t<div class=\"elementor-element elementor-element-e05e26c elementor--h-position-center elementor--v-position-middle elementor-arrows-position-inside elementor-pagination-position-inside elementor-widget elementor-widget-slides\" data-id=\"e05e26c\" data-element_type=\"widget\" data-e-type=\"widget\" data-settings=\"{&quot;navigation&quot;:&quot;both&quot;,&quot;autoplay&quot;:&quot;yes&quot;,&quot;pause_on_hover&quot;:&quot;yes&quot;,&quot;pause_on_interaction&quot;:&quot;yes&quot;,&quot;autoplay_speed&quot;:5000,&quot;infinite&quot;:&quot;yes&quot;,&quot;transition&quot;:&quot;slide&quot;,&quot;transition_speed&quot;:500}\" data-widget_type=\"slides.default\">\n\t\t\t\t<div class=\"elementor-widget-container\">\n\t\t\t\t\t\t\t\t\t<div class=\"elementor-swiper\">\n\t\t\t\t\t<div class=\"elementor-slides-wrapper elementor-main-swiper swiper\" role=\"region\" aria-roledescription=\"carousel\" aria-label=\"Folien\" dir=\"ltr\" data-animation=\"fadeInUp\">\n\t\t\t\t<div class=\"swiper-wrapper elementor-slides\">\n\t\t\t\t\t\t\t\t\t\t<div class=\"elementor-repeater-item-2d70ec0 swiper-slide\" role=\"group\" aria-roledescription=\"slide\"><div class=\"swiper-slide-bg elementor-ken-burns elementor-ken-burns--in\" role=\"img\" aria-label=\"Doppelmoral 7\"><\/div><div class=\"swiper-slide-inner\" ><div class=\"swiper-slide-contents\"><\/div><\/div><\/div><div class=\"elementor-repeater-item-cfd6706 swiper-slide\" role=\"group\" aria-roledescription=\"slide\"><div class=\"swiper-slide-bg elementor-ken-burns elementor-ken-burns--in\" role=\"img\" aria-label=\"Superior-Zimmer Amalfik\u00fcste 7\"><\/div><div class=\"swiper-slide-inner\" ><div class=\"swiper-slide-contents\"><\/div><\/div><\/div><div class=\"elementor-repeater-item-7ffa806 swiper-slide\" role=\"group\" aria-roledescription=\"slide\"><div class=\"swiper-slide-bg elementor-ken-burns elementor-ken-burns--in\" role=\"img\" aria-label=\"kleinere Hotels-Website\"><\/div><div class=\"swiper-slide-inner\" ><div class=\"swiper-slide-contents\"><\/div><\/div><\/div><div class=\"elementor-repeater-item-4699780 swiper-slide\" role=\"group\" aria-roledescription=\"slide\"><div class=\"swiper-slide-bg elementor-ken-burns elementor-ken-burns--in\" role=\"img\" aria-label=\"Minori Santa Lucia Hotel 4-web\"><\/div><div class=\"swiper-slide-inner\" ><div class=\"swiper-slide-contents\"><\/div><\/div><\/div>\t\t\t\t<\/div>\n\t\t\t\t\t\t\t\t\t\t\t\t\t\t\t<div class=\"elementor-swiper-button elementor-swiper-button-prev\" role=\"button\" tabindex=\"0\" aria-label=\"Vorherige Folie\">\n\t\t\t\t\t\t\t<i aria-hidden=\"true\" class=\"eicon-chevron-left\"><\/i>\t\t\t\t\t\t<\/div>\n\t\t\t\t\t\t<div class=\"elementor-swiper-button elementor-swiper-button-next\" role=\"button\" tabindex=\"0\" aria-label=\"N\u00e4chste Folie\">\n\t\t\t\t\t\t\t<i aria-hidden=\"true\" class=\"eicon-chevron-right\"><\/i>\t\t\t\t\t\t<\/div>\n\t\t\t\t\t\t\t\t\t\t\t\t\t\t\t\t<div class=\"swiper-pagination\"><\/div>\n\t\t\t\t\t\t\t\t\t\t\t\t<\/div>\n\t\t\t\t<\/div>\n\t\t\t\t\t\t\t\t<\/div>\n\t\t\t\t<\/div>\n\t\t\t\t\t<\/div>\n\t\t<\/div>\n\t\t\t\t\t<\/div>\n\t\t<\/section>\n\t\t\t\t<section class=\"elementor-section elementor-top-section elementor-element elementor-element-9db8f6f elementor-section-full_width elementor-section-height-min-height elementor-section-items-stretch elementor-section-content-bottom elementor-section-height-default elementor-invisible\" data-id=\"9db8f6f\" data-element_type=\"section\" data-e-type=\"section\" data-settings=\"{&quot;background_background&quot;:&quot;classic&quot;,&quot;animation&quot;:&quot;fadeInLeft&quot;}\">\n\t\t\t\t\t\t<div class=\"elementor-container elementor-column-gap-no\">\n\t\t\t\t\t<div class=\"elementor-column elementor-col-50 elementor-top-column elementor-element elementor-element-b4338a3 elementor-hidden-phone\" data-id=\"b4338a3\" data-element_type=\"column\" data-e-type=\"column\" data-settings=\"{&quot;background_background&quot;:&quot;classic&quot;}\">\n\t\t\t<div class=\"elementor-widget-wrap elementor-element-populated\">\n\t\t\t\t\t\t<div class=\"elementor-element elementor-element-918a349 elementor-widget-mobile__width-initial animated-slow elementor-widget-tablet__width-initial elementor-invisible elementor-widget elementor-widget-spacer\" data-id=\"918a349\" data-element_type=\"widget\" data-e-type=\"widget\" data-settings=\"{&quot;_animation&quot;:&quot;fadeInRight&quot;}\" data-widget_type=\"spacer.default\">\n\t\t\t\t<div class=\"elementor-widget-container\">\n\t\t\t\t\t\t\t<div class=\"elementor-spacer\">\n\t\t\t<div class=\"elementor-spacer-inner\"><\/div>\n\t\t<\/div>\n\t\t\t\t\t\t<\/div>\n\t\t\t\t<\/div>\n\t\t\t\t\t<\/div>\n\t\t<\/div>\n\t\t\t\t<div class=\"elementor-column elementor-col-25 elementor-top-column elementor-element elementor-element-63672f5\" data-id=\"63672f5\" data-element_type=\"column\" data-e-type=\"column\">\n\t\t\t<div class=\"elementor-widget-wrap\">\n\t\t\t\t\t\t\t<\/div>\n\t\t<\/div>\n\t\t\t\t<div class=\"elementor-column elementor-col-25 elementor-top-column elementor-element elementor-element-9ebadcb\" data-id=\"9ebadcb\" data-element_type=\"column\" data-e-type=\"column\" data-settings=\"{&quot;background_background&quot;:&quot;classic&quot;,&quot;animation&quot;:&quot;none&quot;}\">\n\t\t\t<div class=\"elementor-widget-wrap elementor-element-populated\">\n\t\t\t\t\t<div class=\"elementor-background-overlay\"><\/div>\n\t\t\t\t\t\t<div class=\"elementor-element elementor-element-cf55e30 elementor-widget elementor-widget-heading\" data-id=\"cf55e30\" data-element_type=\"widget\" data-e-type=\"widget\" data-widget_type=\"heading.default\">\n\t\t\t\t<div class=\"elementor-widget-container\">\n\t\t\t\t\t<div class=\"elementor-heading-title elementor-size-default\">Hotel Amalfik\u00fcste<\/div>\t\t\t\t<\/div>\n\t\t\t\t<\/div>\n\t\t\t\t\t<\/div>\n\t\t<\/div>\n\t\t\t\t\t<\/div>\n\t\t<\/section>\n\t\t\t\t<section class=\"elementor-section elementor-top-section elementor-element elementor-element-952d7c9 elementor-section-boxed elementor-section-height-default elementor-section-height-default\" data-id=\"952d7c9\" data-element_type=\"section\" data-e-type=\"section\">\n\t\t\t\t\t\t<div class=\"elementor-container elementor-column-gap-default\">\n\t\t\t\t\t<div class=\"elementor-column elementor-col-100 elementor-top-column elementor-element elementor-element-2835111\" data-id=\"2835111\" data-element_type=\"column\" data-e-type=\"column\">\n\t\t\t<div class=\"elementor-widget-wrap elementor-element-populated\">\n\t\t\t\t\t\t<div class=\"elementor-element elementor-element-80bbed6 elementor-invisible elementor-widget elementor-widget-text-editor\" data-id=\"80bbed6\" data-element_type=\"widget\" data-e-type=\"widget\" data-settings=\"{&quot;_animation&quot;:&quot;fadeInLeft&quot;,&quot;_animation_delay&quot;:100}\" data-widget_type=\"text-editor.default\">\n\t\t\t\t<div class=\"elementor-widget-container\">\n\t\t\t\t\t\t\t\t\t<p><br \/><br \/>Suchen Sie ein Hotel an der Amalfik\u00fcste? Ein Hotel, das Ihren Bed\u00fcrfnissen entspricht? Und vielleicht liegt es am Meer?<br \/><br \/>Das Hotel Santa Lucia ist genau das Richtige f\u00fcr Sie, es befindet sich in einer der historischen St\u00e4dte der K\u00fcste, es bietet exzellenten Service und eine Vielzahl von Zimmern und Suiten, aus denen Sie w\u00e4hlen k\u00f6nnen. Es ist ein 4-Sterne-Hotel mit einem Restaurant mit gehobener K\u00fcche, es ist m\u00f6glich zu wandern und zu trekken.<br \/>Hotels an der Amalfik\u00fcste<br \/><br \/>Hotels an der Amalfik\u00fcste<br \/><br \/>Wir befinden uns in Minori, dem \u00e4ltesten bewohnten Zentrum der gesamten K\u00fcste, einer Touristenstadt, in der Sie die antike r\u00f6mische Villa entdecken k\u00f6nnen. Der Name stammt von \u201eRheginna Minor\u201c, der archaischen Bezeichnung des Gebiets, und grenzt an Maiori, ein weiteres zu entdeckendes Gebiet, und an Amalfi, das ber\u00fchmteste touristische und historische Ziel. Es gibt auch viele Angebote, die Sie nutzen k\u00f6nnen, wir haben sie unten f\u00fcr Sie aufgelistet ...<br \/>Hotelangebote an der Amalfik\u00fcste<br \/><br \/>Wie wir im vorigen Absatz erw\u00e4hnt haben, sind die Angebote des Hotels Santa Lucia immer vielf\u00e4ltig, sie passen sich an die verschiedenen Jahreszeiten an und stellen jeden zufrieden. Tats\u00e4chlich gibt es zu jeder Jahreszeit ein anderes Paket. Hier finden Sie verschiedene Anl\u00e4sse wie die \u201eHerbstpauschale\u201c, \u201eFr\u00fchlingspauschale\u201c, \u201e3\u00d72 Angebot\u201c, \u201e1. Mai Br\u00fcckenpauschale\u201c, \u201eSommerpauschale\u201c, \u201eLiebesflucht\u201c oder \u201es\u00fc\u00dfes Jubil\u00e4um\u201c.<br \/><br \/>Was denkst du? schau es dir an, du wirst es selbst merken. Au\u00dferdem erwartet Sie bei einem Aufenthalt zu zweit Sekt auf Ihrem Zimmer und ein Candle-Light-Dinner im hoteleigenen Restaurant Garum und Sie k\u00f6nnen das Spa nutzen. Dies sind nur einige der ausgezeichneten Dienstleistungen, die unseren G\u00e4sten vorbehalten sind. Ein erholsamer Urlaub ist sicherlich das, was Sie im Santa Lucia Hotel erleben werden. Lesen Sie weiter, um speziell unsere Last Minute an der Amalfik\u00fcste zu erfahren.<br \/>Amalfik\u00fcste Last Minute<br \/><br \/>Hast du die Bombenangebote gesehen? Und das ist nicht alles! F\u00fcr Ihren Sommerurlaub werden Sie bei Ihrer Ankunft mit einem Begr\u00fc\u00dfungscocktail begr\u00fc\u00dft, der Preis beinhaltet ein Fr\u00fchst\u00fccksbuffet und ein dreig\u00e4ngiges Mittag- oder Abendessen nach Wahl.<br \/><br \/>Das Santa Lucia Hotel k\u00fcmmert sich sehr um Ihren romantischen Urlaub, in der Tat reserviert es Ihnen s\u00fc\u00dfe Leckereien wie Abendessen bei Kerzenschein, Kaffee- und Teekocher auf dem Zimmer oder die M\u00f6glichkeit des Fr\u00fchst\u00fccks mit Zimmerservice. Sie k\u00f6nnen einen Blumenstrau\u00df auf Ihrem Zimmer oder eine Torte zum Jubil\u00e4um anfordern.<br \/><br \/>Befriedigt Sie das nicht? Ja, Sie haben ein gutes Hotel mit super Behandlung gefunden, aber die Lage? F\u00fcr einen Urlaub an der Amalfik\u00fcste ist die N\u00e4he zum Strand oder zu wichtigen Ausflugszielen wichtig. Nun, wissen Sie, dass unser Hotel all dies hat, lassen Sie uns sehen, was dieses Hotel an der Amalfik\u00fcste bietet.<br \/>Hotel am Meer Amalfik\u00fcste<br \/><br \/>Wo haben wir also \u00fcbernachtet? Suchen Sie eine Immobilie in Meeresn\u00e4he? Wir haben es.<br \/><br \/>Wenn Sie schon einmal auf unsere Seite geschaut haben, werden Sie feststellen, wie nah wir am Meer sind. Eine Sache, die man in einigen K\u00fcstenst\u00e4dten finden kann, ist der intakte Charme eines K\u00fcstendorfes. Mehrere D\u00f6rfer haben diese Eigenschaften bewahrt, einige davon sind Atrani, Cetara und Minori.<br \/><br \/>Der Minorese-Strand ist einer der wenigen Sandstr\u00e4nde, Sie werden schnell die Besonderheit der Amalfi-Str\u00e4nde erkennen, keinen Sand, sondern Felsen zu haben. Minori bietet auf seiner gesamten Ausdehnung Badeanstalten mit den wichtigsten Dienstleistungen an. Und wenn Sie einen Tag an den Str\u00e4nden anderer Reiseziele verbringen m\u00f6chten, zeigen wir Ihnen die besten, so sch\u00f6n wie der von Minori und jeder mit seinen eigenen Besonderheiten. Besuchen Sie diese Str\u00e4nde der Amalfik\u00fcste:<br \/><br \/>\u00a0\u00a0\u00a0 Erchie (Maiori)<br \/>\u00a0\u00a0\u00a0 Nerano<br \/>\u00a0\u00a0\u00a0 Positano<br \/>\u00a0\u00a0\u00a0 Praiano<br \/>\u00a0\u00a0\u00a0 Cetara<br \/><br \/>Im Folgenden erl\u00e4utern wir speziell die Leistungen und Vorteile eines Aufenthaltes in einem der besten 4-Sterne-Hotels an der Amalfik\u00fcste.<br \/>Santa Lucia Hotel Amalfik\u00fcste 4 Sterne<br \/><br \/>Aber kommen wir zum Management dieses Hotels, das auf Gastfreundschaft und Professionalit\u00e4t spezialisiert ist und seinen G\u00e4sten seit 50 Jahren mit Sorgfalt begegnet. Es ist ein Familienunternehmen, das von der Familie Sammarco getauft wurde und das jedes Jahr mit Eifer und Innovationsgeist fortf\u00e4hrt, um einen tadellosen Service zu garantieren.<br \/><br \/>4-Sterne-Hotel Amalfik\u00fcste: Welche Dienstleistungen erwarten Sie bei Ihrer Ankunft? Das Santa Lucia Hotel bietet bewachte Parkpl\u00e4tze, damit Sie Ihr Auto sicher abstellen k\u00f6nnen. Au\u00dferdem ist das Parken an der Amalfik\u00fcste angesichts des begrenzten Platzes und des zu bestimmten Zeiten stauenden Verkehrs eine Seltenheit. Im Hotel Santa Lucia w\u00e4hlen Sie zwischen drei Arten von Zimmern: Superior, Deluxe und Minisuite, und Sie haben die M\u00f6glichkeit, Ausfl\u00fcge entlang der K\u00fcste zu unternehmen oder die f\u00fcr Sie passende Reiseroute zu w\u00e4hlen. Verpassen Sie nicht die Gelegenheit, Produkte zu probieren typisch f\u00fcr die Lik\u00f6rfabrik Gambardella.<br \/><br \/>Schlie\u00dflich ist der gesamte Bereich von einem effizienten kostenlosen Wi-Fi-Service abgedeckt, und Sie k\u00f6nnen das R\u00f6mische Bad \/ Otium Spa nutzen, die beste M\u00f6glichkeit, sich einen Moment f\u00fcr sich selbst zu nehmen und auch Ihren Mitmenschen Ruhe zu schenken.<br \/>Halbpension im Hotel Amalfik\u00fcste<br \/><br \/>Das Hotel bietet auch Halbpension f\u00fcr diejenigen, die gastronomische Touren unternehmen oder die Aromen der K\u00fcste in den besten Restaurants entdecken oder einfach Geld sparen m\u00f6chten. Unser Restaurant Garum bietet raffinierte K\u00fcche, die Eleganz, guten Geschmack und Qualit\u00e4t verbindet. Ihr Fr\u00fchst\u00fcck und Mittag- oder Abendessen wird Sie mit typischen, gesunden und delikaten Gerichten begeistern.<br \/><br \/>Die Zimmer des Santa Lucia Hotels sind komfortabel, elegant und hell im mediterranen Stil. Es gibt 25, die Auswahl ist gro\u00df und mit Blick auf die r\u00f6mische Seevilla aus dem 1. Jahrhundert n. Chr. In jedem Zimmer finden Sie die folgenden Dienstleistungen:<br \/><br \/>\u00a0\u00a0\u00a0 Gratis Wifi<br \/>\u00a0\u00a0\u00a0 Fernseher mit Satellitenempfang<br \/>\u00a0\u00a0\u00a0 Minibar<br \/>\u00a0\u00a0\u00a0 sicher<br \/><br \/>Sie sind unterteilt in Classic mit einem Balkon, der mit St\u00fchlen und einem Tisch ausgestattet ist, Standard mit hervorragender Aussicht und Superior mit SKY-TV, Wasserkocher f\u00fcr Tee und Kaffee und Superior Courtesy Line. Verpassen Sie nicht die Option f\u00fcr Paare, die Junior Suite und das Deluxe Zimmer, die Classic Family f\u00fcr Familien mit Kindern und Teenagern und die Classic f\u00fcr G\u00e4ste mit Behinderungen.<br \/><br \/>Alles, was Sie tun m\u00fcssen, ist jetzt zu buchen, z\u00f6gern Sie nicht l\u00e4nger! Wir freuen uns auf Ihren Besuch im Hotel Santa Lucia an der Amalfik\u00fcste. Kontaktieren Sie uns f\u00fcr ein kostenloses Angebot oder andere Bed\u00fcrfnisse, die Sie haben.<br \/><br \/>Danke f\u00fcr deinen Besuch!<br \/><br \/><\/p>\t\t\t\t\t\t\t\t<\/div>\n\t\t\t\t<\/div>\n\t\t\t\t\t<\/div>\n\t\t<\/div>\n\t\t\t\t\t<\/div>\n\t\t<\/section>\n\t\t\t\t<\/div>","protected":false},"excerpt":{"rendered":"<p>Previous Next Sei alla ricerca di un hotel in Costiera amalfitana? Un hotel che soddisfi le tue esigenze? E magari che sia sul mare? L\u2019Hotel Santa Lucia fa al caso tuo, si trova in una delle localit\u00e0 storiche della Costiera, ha un servizio eccellente ed una variet\u00e0 di camere e suite che potrai scegliere. \u00c9 [&hellip;]<\/p>\n","protected":false},"author":1,"featured_media":0,"parent":0,"menu_order":0,"comment_status":"closed","ping_status":"closed","template":"elementor_header_footer","meta":{"_acf_changed":false,"two_page_speed":[],"footnotes":""},"categories":[],"tags":[],"class_list":["post-3133","page","type-page","status-publish","hentry"],"acf":[],"_links":{"self":[{"href":"https:\/\/www.hotelsantalucia.it\/de\/wp-json\/wp\/v2\/pages\/3133","targetHints":{"allow":["GET"]}}],"collection":[{"href":"https:\/\/www.hotelsantalucia.it\/de\/wp-json\/wp\/v2\/pages"}],"about":[{"href":"https:\/\/www.hotelsantalucia.it\/de\/wp-json\/wp\/v2\/types\/page"}],"author":[{"embeddable":true,"href":"https:\/\/www.hotelsantalucia.it\/de\/wp-json\/wp\/v2\/users\/1"}],"replies":[{"embeddable":true,"href":"https:\/\/www.hotelsantalucia.it\/de\/wp-json\/wp\/v2\/comments?post=3133"}],"version-history":[{"count":14,"href":"https:\/\/www.hotelsantalucia.it\/de\/wp-json\/wp\/v2\/pages\/3133\/revisions"}],"predecessor-version":[{"id":3148,"href":"https:\/\/www.hotelsantalucia.it\/de\/wp-json\/wp\/v2\/pages\/3133\/revisions\/3148"}],"wp:attachment":[{"href":"https:\/\/www.hotelsantalucia.it\/de\/wp-json\/wp\/v2\/media?parent=3133"}],"wp:term":[{"taxonomy":"category","embeddable":true,"href":"https:\/\/www.hotelsantalucia.it\/de\/wp-json\/wp\/v2\/categories?post=3133"},{"taxonomy":"post_tag","embeddable":true,"href":"https:\/\/www.hotelsantalucia.it\/de\/wp-json\/wp\/v2\/tags?post=3133"}],"curies":[{"name":"wp","href":"https:\/\/api.w.org\/{rel}","templated":true}]}}