{"id":2186,"date":"2021-05-30T09:59:53","date_gmt":"2021-05-30T07:59:53","guid":{"rendered":"https:\/\/www.hotelsantalucia.it\/?page_id=2186"},"modified":"2022-10-22T12:53:34","modified_gmt":"2022-10-22T10:53:34","slug":"sconti-riduzioni-e-supplementi","status":"publish","type":"page","link":"https:\/\/www.hotelsantalucia.it\/de\/sconti-riduzioni-e-supplementi.html","title":{"rendered":"Erm\u00e4\u00dfigungen Erm\u00e4\u00dfigungen und Zuschl\u00e4ge"},"content":{"rendered":"<div data-elementor-type=\"wp-page\" data-elementor-id=\"2186\" class=\"elementor elementor-2186\" data-elementor-post-type=\"page\">\n\t\t\t\t\t\t<section class=\"elementor-section elementor-top-section elementor-element elementor-element-7df53c3 elementor-section-full_width elementor-section-height-default elementor-section-height-default\" data-id=\"7df53c3\" data-element_type=\"section\">\n\t\t\t\t\t\t<div class=\"elementor-container elementor-column-gap-default\">\n\t\t\t\t\t<div class=\"elementor-column elementor-col-100 elementor-top-column elementor-element elementor-element-0d9a661\" data-id=\"0d9a661\" data-element_type=\"column\">\n\t\t\t<div class=\"elementor-widget-wrap elementor-element-populated\">\n\t\t\t\t\t\t<div class=\"elementor-element elementor-element-678bdfd elementor--h-position-center elementor--v-position-middle elementor-arrows-position-inside elementor-pagination-position-inside elementor-widget elementor-widget-slides\" data-id=\"678bdfd\" data-element_type=\"widget\" data-settings=\"{&quot;navigation&quot;:&quot;both&quot;,&quot;autoplay&quot;:&quot;yes&quot;,&quot;pause_on_hover&quot;:&quot;yes&quot;,&quot;pause_on_interaction&quot;:&quot;yes&quot;,&quot;autoplay_speed&quot;:5000,&quot;infinite&quot;:&quot;yes&quot;,&quot;transition&quot;:&quot;slide&quot;,&quot;transition_speed&quot;:500}\" data-widget_type=\"slides.default\">\n\t\t\t\t<div class=\"elementor-widget-container\">\n\t\t\t\t\t\t\t\t\t<div class=\"elementor-swiper\">\n\t\t\t\t\t<div class=\"elementor-slides-wrapper elementor-main-swiper swiper\" role=\"region\" aria-roledescription=\"carousel\" aria-label=\"Folien\" dir=\"ltr\" data-animation=\"fadeInUp\">\n\t\t\t\t<div class=\"swiper-wrapper elementor-slides\">\n\t\t\t\t\t\t\t\t\t\t<div class=\"elementor-repeater-item-0443303 swiper-slide\" role=\"group\" aria-roledescription=\"slide\"><div class=\"swiper-slide-bg\" role=\"img\" aria-label=\"Amalfi Coast Hotel-05\"><\/div><div class=\"swiper-slide-inner\" ><div class=\"swiper-slide-contents\"><\/div><\/div><\/div>\t\t\t\t<\/div>\n\t\t\t\t\t\t\t<\/div>\n\t\t\t\t<\/div>\n\t\t\t\t\t\t\t\t<\/div>\n\t\t\t\t<\/div>\n\t\t\t\t\t<\/div>\n\t\t<\/div>\n\t\t\t\t\t<\/div>\n\t\t<\/section>\n\t\t\t\t<section class=\"elementor-section elementor-top-section elementor-element elementor-element-f6c3eee elementor-section-full_width elementor-section-height-min-height elementor-section-items-stretch elementor-section-content-bottom elementor-section-height-default elementor-invisible\" data-id=\"f6c3eee\" data-element_type=\"section\" data-settings=\"{&quot;background_background&quot;:&quot;classic&quot;,&quot;animation&quot;:&quot;fadeInLeft&quot;}\">\n\t\t\t\t\t\t<div class=\"elementor-container elementor-column-gap-no\">\n\t\t\t\t\t<div class=\"elementor-column elementor-col-50 elementor-top-column elementor-element elementor-element-ff68d16 elementor-hidden-phone\" data-id=\"ff68d16\" data-element_type=\"column\" data-settings=\"{&quot;background_background&quot;:&quot;classic&quot;}\">\n\t\t\t<div class=\"elementor-widget-wrap elementor-element-populated\">\n\t\t\t\t\t\t<div class=\"elementor-element elementor-element-8d1301f elementor-widget-mobile__width-initial animated-slow elementor-widget-tablet__width-initial elementor-invisible elementor-widget elementor-widget-spacer\" data-id=\"8d1301f\" data-element_type=\"widget\" data-settings=\"{&quot;_animation&quot;:&quot;fadeInRight&quot;}\" data-widget_type=\"spacer.default\">\n\t\t\t\t<div class=\"elementor-widget-container\">\n\t\t\t\t\t\t\t<div class=\"elementor-spacer\">\n\t\t\t<div class=\"elementor-spacer-inner\"><\/div>\n\t\t<\/div>\n\t\t\t\t\t\t<\/div>\n\t\t\t\t<\/div>\n\t\t\t\t\t<\/div>\n\t\t<\/div>\n\t\t\t\t<div class=\"elementor-column elementor-col-25 elementor-top-column elementor-element elementor-element-b885249\" data-id=\"b885249\" data-element_type=\"column\">\n\t\t\t<div class=\"elementor-widget-wrap\">\n\t\t\t\t\t\t\t<\/div>\n\t\t<\/div>\n\t\t\t\t<div class=\"elementor-column elementor-col-25 elementor-top-column elementor-element elementor-element-405f0bd\" data-id=\"405f0bd\" data-element_type=\"column\" data-settings=\"{&quot;background_background&quot;:&quot;classic&quot;,&quot;animation&quot;:&quot;none&quot;}\">\n\t\t\t<div class=\"elementor-widget-wrap elementor-element-populated\">\n\t\t\t\t\t<div class=\"elementor-background-overlay\"><\/div>\n\t\t\t\t\t\t<div class=\"elementor-element elementor-element-c0d7296 elementor-widget elementor-widget-heading\" data-id=\"c0d7296\" data-element_type=\"widget\" data-widget_type=\"heading.default\">\n\t\t\t\t<div class=\"elementor-widget-container\">\n\t\t\t\t\t<div class=\"elementor-heading-title elementor-size-default\">Erm\u00e4\u00dfigungen Erm\u00e4\u00dfigungen und Zuschl\u00e4ge<\/div>\t\t\t\t<\/div>\n\t\t\t\t<\/div>\n\t\t\t\t\t<\/div>\n\t\t<\/div>\n\t\t\t\t\t<\/div>\n\t\t<\/section>\n\t\t\t\t<section class=\"elementor-section elementor-top-section elementor-element elementor-element-db6e253 elementor-section-full_width elementor-section-height-default elementor-section-height-default\" data-id=\"db6e253\" data-element_type=\"section\">\n\t\t\t\t\t\t<div class=\"elementor-container elementor-column-gap-default\">\n\t\t\t\t\t<div class=\"elementor-column elementor-col-100 elementor-top-column elementor-element elementor-element-21a2dc3\" data-id=\"21a2dc3\" data-element_type=\"column\">\n\t\t\t<div class=\"elementor-widget-wrap elementor-element-populated\">\n\t\t\t\t\t\t<section class=\"elementor-section elementor-inner-section elementor-element elementor-element-e5730f9 elementor-section-full_width elementor-reverse-mobile elementor-section-height-default elementor-section-height-default\" data-id=\"e5730f9\" data-element_type=\"section\">\n\t\t\t\t\t\t<div class=\"elementor-container elementor-column-gap-default\">\n\t\t\t\t\t<div class=\"elementor-column elementor-col-50 elementor-inner-column elementor-element elementor-element-e888ac9\" data-id=\"e888ac9\" data-element_type=\"column\">\n\t\t\t<div class=\"elementor-widget-wrap elementor-element-populated\">\n\t\t\t\t\t\t<div class=\"elementor-element elementor-element-ddabf13 elementor-widget elementor-widget-bdt-featured-box\" data-id=\"ddabf13\" data-element_type=\"widget\" data-widget_type=\"bdt-featured-box.default\">\n\t\t\t\t<div class=\"elementor-widget-container\">\n\t\t\t\t\t\t\t<div class=\"bdt-ep-featured-box bdt-ep-featured-box-default\">\n\n\t\t\t\t\t<div class=\"bdt-ep-featured-box-image\">\n\t\t\t<div class=\"bdt-position-relative bdt-image-mask\">\n\t\t\t\t<img fetchpriority=\"high\" decoding=\"async\" width=\"580\" height=\"390\" src=\"https:\/\/www.hotelsantalucia.it\/wp-content\/uploads\/guest-booking-tour-hotel-768x517.jpg\" class=\"attachment-medium_large size-medium_large\" alt=\"Besondere Ehepartner und Jubil\u00e4en\" srcset=\"https:\/\/www.hotelsantalucia.it\/wp-content\/uploads\/guest-booking-tour-hotel-768x517.jpg 768w, https:\/\/www.hotelsantalucia.it\/wp-content\/uploads\/guest-booking-tour-hotel-300x202.jpg 300w, https:\/\/www.hotelsantalucia.it\/wp-content\/uploads\/guest-booking-tour-hotel-1024x689.jpg 1024w, https:\/\/www.hotelsantalucia.it\/wp-content\/uploads\/guest-booking-tour-hotel-1536x1033.jpg 1536w, https:\/\/www.hotelsantalucia.it\/wp-content\/uploads\/guest-booking-tour-hotel-2048x1378.jpg 2048w, https:\/\/www.hotelsantalucia.it\/wp-content\/uploads\/guest-booking-tour-hotel-1200x807.jpg 1200w, https:\/\/www.hotelsantalucia.it\/wp-content\/uploads\/guest-booking-tour-hotel-1980x1332.jpg 1980w, https:\/\/www.hotelsantalucia.it\/wp-content\/uploads\/guest-booking-tour-hotel-scaled-e1622362244475.jpg 800w\" sizes=\"(max-width: 580px) 100vw, 580px\" \/>\t\t\t\t\t\t<\/div>\n\t\t<\/div>\n\t\n\t\t\t<div class=\"bdt-ep-featured-box-content bdt-position-top-center\">\n\n\t\t\t\t\t\t\n\t\t\t\t\t<h3 class=\"bdt-ep-featured-box-title\">\n\t\t\t\t<span >\n\t\t\t\t\tBesondere Ehepartner und Jubil\u00e4en\t\t\t\t<\/span>\n\t\t\t<\/h3>\n\t\t\n\t\t\t\t\t<div class=\"bdt-ep-featured-box-text\">\n\t\t\t\t10%-Rabatt f\u00fcr mindestens 7 N\u00e4chte (au\u00dfer Hoch- und Hochsaison).\n<br><br>\nRabatte &amp; Sonderaktionen sind nicht mit Sonderangeboten und \/ oder Last Minute kombinierbar !!!\t\t\t<\/div>\n\t\t\n\t\t\t\n\t\t\t<\/div>\n\n\t\t<\/div>\n\n\t\t\t\t<\/div>\n\t\t\t\t<\/div>\n\t\t\t\t\t<\/div>\n\t\t<\/div>\n\t\t\t\t<div class=\"elementor-column elementor-col-50 elementor-inner-column elementor-element elementor-element-1fe56f2\" data-id=\"1fe56f2\" data-element_type=\"column\">\n\t\t\t<div class=\"elementor-widget-wrap elementor-element-populated\">\n\t\t\t\t\t\t<div class=\"elementor-element elementor-element-b4cbca0 elementor-widget elementor-widget-bdt-featured-box\" data-id=\"b4cbca0\" data-element_type=\"widget\" data-widget_type=\"bdt-featured-box.default\">\n\t\t\t\t<div class=\"elementor-widget-container\">\n\t\t\t\t\t\t\t<div class=\"bdt-ep-featured-box bdt-ep-featured-box-default\">\n\n\t\t\t\t\t<div class=\"bdt-ep-featured-box-image\">\n\t\t\t<div class=\"bdt-position-relative bdt-image-mask\">\n\t\t\t\t<img decoding=\"async\" width=\"580\" height=\"361\" src=\"https:\/\/www.hotelsantalucia.it\/wp-content\/uploads\/entrance-v10058851-e1622364976290.jpg\" class=\"attachment-medium_large size-medium_large\" alt=\"Erg\u00e4nzungen\" \/>\t\t\t\t\t\t<\/div>\n\t\t<\/div>\n\t\n\t\t\t<div class=\"bdt-ep-featured-box-content bdt-position-bottom-center\">\n\n\t\t\t\t\t\t\n\t\t\t\t\t<h3 class=\"bdt-ep-featured-box-title\">\n\t\t\t\t<span >\n\t\t\t\t\tErg\u00e4nzungen\t\t\t\t<\/span>\n\t\t\t<\/h3>\n\t\t\n\t\t\t\t\t<div class=\"bdt-ep-featured-box-text\">\n\t\t\t\tZuschlag f\u00fcr zus\u00e4tzliche Mahlzeiten: \u20ac 30,00 pP<br>\nZuschlag f\u00fcr Kinderbett: \u20ac 15,00 pP<br>\nKostenlos f\u00fcr Kinder (0-2 Jahre) in allen Zimmertypen au\u00dfer im Economy Zimmer<br>\n\t\t\t<\/div>\n\t\t\n\t\t\t\n\t\t\t<\/div>\n\n\t\t<\/div>\n\n\t\t\t\t<\/div>\n\t\t\t\t<\/div>\n\t\t\t\t\t<\/div>\n\t\t<\/div>\n\t\t\t\t\t<\/div>\n\t\t<\/section>\n\t\t\t\t\t<\/div>\n\t\t<\/div>\n\t\t\t\t\t<\/div>\n\t\t<\/section>\n\t\t\t\t<section class=\"elementor-section elementor-top-section elementor-element elementor-element-3392dfc elementor-section-boxed elementor-section-height-default elementor-section-height-default\" data-id=\"3392dfc\" data-element_type=\"section\" data-settings=\"{&quot;background_background&quot;:&quot;classic&quot;}\">\n\t\t\t\t\t\t<div class=\"elementor-container elementor-column-gap-default\">\n\t\t\t\t\t<div class=\"elementor-column elementor-col-100 elementor-top-column elementor-element elementor-element-6cd6d04\" data-id=\"6cd6d04\" data-element_type=\"column\">\n\t\t\t<div class=\"elementor-widget-wrap elementor-element-populated\">\n\t\t\t\t\t\t<div class=\"elementor-element elementor-element-9b96fe9 elementor-widget elementor-widget-heading\" data-id=\"9b96fe9\" data-element_type=\"widget\" data-widget_type=\"heading.default\">\n\t\t\t\t<div class=\"elementor-widget-container\">\n\t\t\t\t\t<h2 class=\"elementor-heading-title elementor-size-default\">Stornogeb\u00fchren<\/h2>\t\t\t\t<\/div>\n\t\t\t\t<\/div>\n\t\t\t\t<div class=\"elementor-element elementor-element-1cb32fa elementor-widget elementor-widget-text-editor\" data-id=\"1cb32fa\" data-element_type=\"widget\" data-widget_type=\"text-editor.default\">\n\t\t\t\t<div class=\"elementor-widget-container\">\n\t\t\t\t\t\t\t\t\t<div class=\"wpb_text_column wpb_content_element\"><div class=\"wpb_wrapper\"><p>Pr<b>Reservierungen bis 3 N\u00e4chte<br \/><\/b>Im Falle einer Stornierung der Reservierung innerhalb von 7 Tagen vor dem Check-in-Datum wird eine Geb\u00fchr in H\u00f6he der ersten Nacht erhoben.<b><br \/><\/b><\/p><hr \/><p>\u00a0<\/p><p><b>Buchungen von mehr als 3 N\u00e4chten<\/b><br \/>Im Falle einer Stornierung der Reservierung innerhalb von 7 Tagen vor dem Check-in-Datum wird eine Geb\u00fchr in H\u00f6he der ersten Nacht + 301 TP2T des Gesamtbetrags der verbleibenden N\u00e4chte erhoben.<\/p><\/div><\/div>\t\t\t\t\t\t\t\t<\/div>\n\t\t\t\t<\/div>\n\t\t\t\t\t<\/div>\n\t\t<\/div>\n\t\t\t\t\t<\/div>\n\t\t<\/section>\n\t\t\t\t<section class=\"elementor-section elementor-top-section elementor-element elementor-element-856e0c7 elementor-section-boxed elementor-section-height-default elementor-section-height-default\" data-id=\"856e0c7\" data-element_type=\"section\">\n\t\t\t\t\t\t<div class=\"elementor-container elementor-column-gap-default\">\n\t\t\t\t\t<div class=\"elementor-column elementor-col-100 elementor-top-column elementor-element elementor-element-9a86c43\" data-id=\"9a86c43\" data-element_type=\"column\">\n\t\t\t<div class=\"elementor-widget-wrap elementor-element-populated\">\n\t\t\t\t\t\t<div class=\"elementor-element elementor-element-d56a01f elementor-widget elementor-widget-template\" data-id=\"d56a01f\" data-element_type=\"widget\" data-widget_type=\"template.default\">\n\t\t\t\t<div class=\"elementor-widget-container\">\n\t\t\t\t\t\t\t<div class=\"elementor-template\">\n\t\t\t\t\t<div data-elementor-type=\"section\" data-elementor-id=\"2210\" class=\"elementor elementor-2210\" data-elementor-post-type=\"elementor_library\">\n\t\t\t\t\t<section class=\"elementor-section elementor-top-section elementor-element elementor-element-18706dd elementor-section-boxed elementor-section-height-default elementor-section-height-default\" data-id=\"18706dd\" data-element_type=\"section\">\n\t\t\t\t\t\t<div class=\"elementor-container elementor-column-gap-default\">\n\t\t\t\t\t<div class=\"elementor-column elementor-col-33 elementor-top-column elementor-element elementor-element-40ad7ed\" data-id=\"40ad7ed\" data-element_type=\"column\">\n\t\t\t<div class=\"elementor-widget-wrap elementor-element-populated\">\n\t\t\t\t\t\t<div class=\"elementor-element elementor-element-13b49816 elementor-view-default elementor-position-block-start elementor-mobile-position-block-start elementor-widget elementor-widget-icon-box\" data-id=\"13b49816\" data-element_type=\"widget\" data-widget_type=\"icon-box.default\">\n\t\t\t\t<div class=\"elementor-widget-container\">\n\t\t\t\t\t\t\t<div class=\"elementor-icon-box-wrapper\">\n\n\t\t\t\t\t\t<div class=\"elementor-icon-box-icon\">\n\t\t\t\t<a href=\"https:\/\/www.hotelsantalucia.it\/de\/sconti-riduzioni-e-supplementi.html\/\" class=\"elementor-icon elementor-animation-pulse\" tabindex=\"-1\" aria-label=\"Buchungsstornierung\">\n\t\t\t\t<i aria-hidden=\"true\" class=\"far fa-calendar-times\"><\/i>\t\t\t\t<\/a>\n\t\t\t<\/div>\n\t\t\t\n\t\t\t\t\t\t<div class=\"elementor-icon-box-content\">\n\n\t\t\t\t\t\t\t\t\t<h3 class=\"elementor-icon-box-title\">\n\t\t\t\t\t\t<a href=\"https:\/\/www.hotelsantalucia.it\/de\/sconti-riduzioni-e-supplementi.html\/\" >\n\t\t\t\t\t\t\tBuchungsstornierung\t\t\t\t\t\t<\/a>\n\t\t\t\t\t<\/h3>\n\t\t\t\t\n\t\t\t\t\t\t\t\t\t<p class=\"elementor-icon-box-description\">\n\t\t\t\t\t\tSehen Sie sich die Bedingungen f\u00fcr die Stornierung Ihrer Buchung an\t\t\t\t\t<\/p>\n\t\t\t\t\n\t\t\t<\/div>\n\t\t\t\n\t\t<\/div>\n\t\t\t\t\t\t<\/div>\n\t\t\t\t<\/div>\n\t\t\t\t\t<\/div>\n\t\t<\/div>\n\t\t\t\t<div class=\"elementor-column elementor-col-33 elementor-top-column elementor-element elementor-element-57ce84b0\" data-id=\"57ce84b0\" data-element_type=\"column\">\n\t\t\t<div class=\"elementor-widget-wrap elementor-element-populated\">\n\t\t\t\t\t\t<div class=\"elementor-element elementor-element-6b5dbf8f elementor-view-default elementor-position-block-start elementor-mobile-position-block-start elementor-widget elementor-widget-icon-box\" data-id=\"6b5dbf8f\" data-element_type=\"widget\" data-widget_type=\"icon-box.default\">\n\t\t\t\t<div class=\"elementor-widget-container\">\n\t\t\t\t\t\t\t<div class=\"elementor-icon-box-wrapper\">\n\n\t\t\t\t\t\t<div class=\"elementor-icon-box-icon\">\n\t\t\t\t<a href=\"https:\/\/www.hotelsantalucia.it\/de\/sconti-riduzioni-e-supplementi.html\/\" class=\"elementor-icon elementor-animation-pulse\" tabindex=\"-1\" aria-label=\"Rabatte, Erm\u00e4\u00dfigungen und Zuschl\u00e4ge\">\n\t\t\t\t<i aria-hidden=\"true\" class=\"fas fa-ticket-alt\"><\/i>\t\t\t\t<\/a>\n\t\t\t<\/div>\n\t\t\t\n\t\t\t\t\t\t<div class=\"elementor-icon-box-content\">\n\n\t\t\t\t\t\t\t\t\t<h3 class=\"elementor-icon-box-title\">\n\t\t\t\t\t\t<a href=\"https:\/\/www.hotelsantalucia.it\/de\/sconti-riduzioni-e-supplementi.html\/\" >\n\t\t\t\t\t\t\tRabatte, Erm\u00e4\u00dfigungen und Zuschl\u00e4ge\t\t\t\t\t\t<\/a>\n\t\t\t\t\t<\/h3>\n\t\t\t\t\n\t\t\t\t\t\t\t\t\t<p class=\"elementor-icon-box-description\">\n\t\t\t\t\t\tRabatte sind die Erm\u00e4\u00dfigungen, die erhalten werden k\u00f6nnen\t\t\t\t\t<\/p>\n\t\t\t\t\n\t\t\t<\/div>\n\t\t\t\n\t\t<\/div>\n\t\t\t\t\t\t<\/div>\n\t\t\t\t<\/div>\n\t\t\t\t\t<\/div>\n\t\t<\/div>\n\t\t\t\t<div class=\"elementor-column elementor-col-33 elementor-top-column elementor-element elementor-element-9a17a06\" data-id=\"9a17a06\" data-element_type=\"column\">\n\t\t\t<div class=\"elementor-widget-wrap elementor-element-populated\">\n\t\t\t\t\t\t<div class=\"elementor-element elementor-element-1bef31f2 elementor-view-default elementor-position-block-start elementor-mobile-position-block-start elementor-widget elementor-widget-icon-box\" data-id=\"1bef31f2\" data-element_type=\"widget\" data-widget_type=\"icon-box.default\">\n\t\t\t\t<div class=\"elementor-widget-container\">\n\t\t\t\t\t\t\t<div class=\"elementor-icon-box-wrapper\">\n\n\t\t\t\t\t\t<div class=\"elementor-icon-box-icon\">\n\t\t\t\t<a href=\"https:\/\/www.hotelsantalucia.it\/de\/conferma-della-prenotazione\/\" class=\"elementor-icon elementor-animation-pulse\" tabindex=\"-1\" aria-label=\"Reservierungsbest\u00e4tigung\">\n\t\t\t\t<i aria-hidden=\"true\" class=\"far fa-calendar-check\"><\/i>\t\t\t\t<\/a>\n\t\t\t<\/div>\n\t\t\t\n\t\t\t\t\t\t<div class=\"elementor-icon-box-content\">\n\n\t\t\t\t\t\t\t\t\t<h3 class=\"elementor-icon-box-title\">\n\t\t\t\t\t\t<a href=\"https:\/\/www.hotelsantalucia.it\/de\/conferma-della-prenotazione\/\" >\n\t\t\t\t\t\t\tReservierungsbest\u00e4tigung\t\t\t\t\t\t<\/a>\n\t\t\t\t\t<\/h3>\n\t\t\t\t\n\t\t\t\t\t\t\t\t\t<p class=\"elementor-icon-box-description\">\n\t\t\t\t\t\t\u00dcberpr\u00fcfen Sie, wie Sie die Reservierung best\u00e4tigen k\u00f6nnen, wenn Sie sie telefonisch vorgenommen haben\t\t\t\t\t<\/p>\n\t\t\t\t\n\t\t\t<\/div>\n\t\t\t\n\t\t<\/div>\n\t\t\t\t\t\t<\/div>\n\t\t\t\t<\/div>\n\t\t\t\t\t<\/div>\n\t\t<\/div>\n\t\t\t\t\t<\/div>\n\t\t<\/section>\n\t\t\t\t<\/div>\n\t\t\t\t<\/div>\n\t\t\t\t\t\t<\/div>\n\t\t\t\t<\/div>\n\t\t\t\t\t<\/div>\n\t\t<\/div>\n\t\t\t\t\t<\/div>\n\t\t<\/section>\n\t\t\t\t<\/div>","protected":false},"excerpt":{"rendered":"<p>Spezielle Hochzeiten und Jubil\u00e4en 10% Rabatt f\u00fcr mindestens 7 N\u00e4chte (ausgenommen Hoch- und Hochsaisonzeiten). Rabatte &amp; Sonderaktionen sind nicht mit Sonderangeboten und\/oder Last Minute kombinierbar!!! Zuschl\u00e4ge Aufpreis f\u00fcr zus\u00e4tzliche Mahlzeiten: \u20ac 30,00 pP Zuschlag f\u00fcr Kinderbett: \u20ac 15,00 pP Kostenlos f\u00fcr Kinder (0-2 Jahre) in allen [\u2026]<\/p>","protected":false},"author":1,"featured_media":0,"parent":0,"menu_order":0,"comment_status":"closed","ping_status":"closed","template":"elementor_header_footer","meta":{"_acf_changed":false,"two_page_speed":[],"footnotes":""},"categories":[1],"tags":[],"class_list":["post-2186","page","type-page","status-publish","hentry","category-non-categorizzato"],"acf":[],"_links":{"self":[{"href":"https:\/\/www.hotelsantalucia.it\/de\/wp-json\/wp\/v2\/pages\/2186","targetHints":{"allow":["GET"]}}],"collection":[{"href":"https:\/\/www.hotelsantalucia.it\/de\/wp-json\/wp\/v2\/pages"}],"about":[{"href":"https:\/\/www.hotelsantalucia.it\/de\/wp-json\/wp\/v2\/types\/page"}],"author":[{"embeddable":true,"href":"https:\/\/www.hotelsantalucia.it\/de\/wp-json\/wp\/v2\/users\/1"}],"replies":[{"embeddable":true,"href":"https:\/\/www.hotelsantalucia.it\/de\/wp-json\/wp\/v2\/comments?post=2186"}],"version-history":[{"count":28,"href":"https:\/\/www.hotelsantalucia.it\/de\/wp-json\/wp\/v2\/pages\/2186\/revisions"}],"predecessor-version":[{"id":4443,"href":"https:\/\/www.hotelsantalucia.it\/de\/wp-json\/wp\/v2\/pages\/2186\/revisions\/4443"}],"wp:attachment":[{"href":"https:\/\/www.hotelsantalucia.it\/de\/wp-json\/wp\/v2\/media?parent=2186"}],"wp:term":[{"taxonomy":"category","embeddable":true,"href":"https:\/\/www.hotelsantalucia.it\/de\/wp-json\/wp\/v2\/categories?post=2186"},{"taxonomy":"post_tag","embeddable":true,"href":"https:\/\/www.hotelsantalucia.it\/de\/wp-json\/wp\/v2\/tags?post=2186"}],"curies":[{"name":"wp","href":"https:\/\/api.w.org\/{rel}","templated":true}]}}